{"id":3659,"date":"2026-02-24T16:09:27","date_gmt":"2026-02-24T16:09:27","guid":{"rendered":"https:\/\/gaspurgo.com.pt\/?page_id=3659"},"modified":"2026-03-04T21:53:42","modified_gmt":"2026-03-04T21:53:42","slug":"expurgos","status":"publish","type":"page","link":"https:\/\/gaspurgo.com.pt\/index.php\/expurgos\/","title":{"rendered":"Expurgos"},"content":{"rendered":"\n<p><\/p>\n\n\n\n<section id=\"section-67c8c18b-a3b0-4a11-b9b2-85568387e595\" class=\"wp-block-gutentor-advanced-columns gutentor-section gutentor-advanced-columns has-image-bg has-custom-bg has-gutentor-overlay\"><div class=\"grid-container\"><div class=\"grid-row\">\n<section id=\"section-815f5670-55f9-444f-97f3-30886d890648\" class=\"wp-block-gutentor-single-column gutentor-single-column  grid-lg-12 grid-md-12 grid-12\">\n<section id=\"section-7498cd3b-e4ee-4b7e-aeb8-1aa7910acd82\" class=\"wp-block-gutentor-about-block gutentor-section gutentor-about about-template4\"><div class=\"grid-container\"><div class=\"gutentor-block-header\"><div class=\"gutentor-section-title text-center\"><h2 class=\"gutentor-title\"><\/h2><\/div><\/div><div class=\"gutentor-grid-item-wrap\"><div class=\"gutentor-single-item\"><div class=\"grid-row\"><div class=\"grid-md-6 about-grid\"><div class=\"gutentor-single-item-content\"><div class=\"gutentor-about-content\"><h3 class=\"gutentor-single-item-title\">Em c\u00e2maras de g\u00e1s <\/h3><p class=\"gutentor-single-item-desc\">O expurgo de M\u00f3veis  e outros objetos em c\u00e2maras de g\u00e1s, consiste na aplica\u00e7\u00e3o de um fumegante (g\u00e1s) num ambiente confinado e estanque. Devido ao poder de penetra\u00e7\u00e3o do g\u00e1s na madeira e tecidos, \u00e9 poss\u00edvel eliminar os insetos em todas as fases de vida. Para um eficiente tratamento e tendo em conta a temperatura e humidade, s\u00e3o necess\u00e1rias 96h de exposi\u00e7\u00e3o dos m\u00f3veis ou outros objetos ao g\u00e1s. <\/p><\/div><\/div><\/div><div class=\"grid-md-6 about-grid\"><div class=\"gutentor-single-item-image-box\"><div class=\"gutentor-image-thumb\"><img fetchpriority=\"high\" decoding=\"async\" class=\"normal-image\" src=\"https:\/\/gaspurgo.com.pt\/wp-content\/uploads\/2025\/01\/tratamientos-carcoma-madera1-e1767902360639.jpg\" alt=\"\" height=\"474\" width=\"490\"\/><\/div><\/div><\/div><\/div><\/div><\/div><\/div><\/section>\n\n\n\n<section id=\"section-f97c9895-fe43-46b5-ae44-68d69587a893\" class=\"wp-block-gutentor-content-box gutentor-section gutentor-content-box-wrapper content-template1\"><div class=\"grid-container\"><div class=\"gutentor-block-header\"><div class=\"gutentor-section-title enable-title-design seperator-bottom text-center\"><h2 class=\"gutentor-title\"><\/h2><\/div><\/div><div class=\"grid-row gutentor-grid-item-wrap\"><div class=\"gutentor-grid-column grid-lg-6 grid-md-6 grid-12\"><div class=\"gutentor-single-item gutentor-single-item-0\"><div class=\"gutentor-single-item-wrap\"><div class=\"gutentor-single-item-content\"><h3 class=\"gutentor-single-item-title\">In\u00edcio dos tratamentos <\/h3><p class=\"gutentor-single-item-desc\">A Gaspurgo efetua  expurgos todas as semanas, <strong>o  inicio dos tratamentos ocorre todas as sexta- feiras pelas 16h<\/strong> e est\u00e1 conclu\u00eddo pelas 16h00 de ter\u00e7a-feira da semana seguinte, perfazendo assim as 96h de tratamento. <\/p><\/div><\/div><\/div><\/div><div class=\"gutentor-grid-column grid-lg-6 grid-md-6 grid-12\"><div class=\"gutentor-single-item gutentor-single-item-1\"><div class=\"gutentor-single-item-wrap\"><div class=\"gutentor-single-item-content\"><h3 class=\"gutentor-single-item-title\">Recolha das pe\u00e7as <\/h3><p class=\"gutentor-single-item-desc\"><strong>O levantamento dos m\u00f3veis<\/strong> ou outras pe\u00e7as, pode ser efetuado a partir das 9h00 de quarta feira, da semana seguinte \u00e0 entrega.<\/p><\/div><\/div><\/div><\/div><\/div><\/div><\/section>\n<\/section>\n<\/div><\/div><\/section>\n\n\n\n<section id=\"section-362f75f1-8c44-45a5-9e7f-0f888f2ef35a\" class=\"wp-block-gutentor-advanced-columns gutentor-section gutentor-advanced-columns has-gutentor-overlay\"><div class=\"grid-container\"><div class=\"grid-row\">\n<div id=\"section-4f543650-4cca-4fa6-9bc6-7f09504da267\" class=\"wp-block-gutentor-single-column gutentor-single-column  grid-lg-6 grid-md-12 grid-12\">\n<div id=\"section-882e8ad1-fb02-4c65-be10-50d24153b56a\" class=\"wp-block-gutentor-content-box gutentor-section gutentor-content-box-wrapper content-template1\"><div class=\"grid-container gutentor-rm-ct-space\"><div class=\"gutentor-block-header\"><div class=\"gutentor-section-title text-left\"><h2 class=\"gutentor-title\">Pre\u00e7\u00e1rio <\/h2><\/div><\/div><div class=\"grid-row gutentor-grid-item-wrap gutentor-rm-row-space\"><div class=\"gutentor-grid-column grid-lg-12 grid-md-12 grid-12 gutentor-rm-col-space\"><div class=\"gutentor-single-item gutentor-single-item-0\"><div class=\"gutentor-single-item-wrap\"><div class=\"gutentor-single-item-content\"><p class=\"gutentor-single-item-desc\">Est\u00e1 dispon\u00edvel, uma tabela de pre\u00e7os para tratamentos em c\u00e2maras de g\u00e1s. <\/p><a class=\"gutentor-button gutentor-single-item-button gutentor-icon-before\" href=\"https:\/\/gaspurgo.com.pt\/index.php\/tabela-precos-expurgo-moveis\/\"><i class=\"gutentor-button-icon fas fa-book\"><\/i><span>Tabela de pre\u00e7os <\/span><\/a><\/div><\/div><\/div><\/div><\/div><\/div><\/div>\n<\/div>\n\n\n\n<div id=\"section-edc89337-33d4-4514-8fe9-6a9d6c2fc12a\" class=\"wp-block-gutentor-single-column gutentor-single-column  grid-lg-6 grid-md-12 grid-12\">\n<div id=\"section-36ca8af8-e38a-4de7-9ace-e0a4985518a8\" class=\"wp-block-gutentor-accordion gutentor-section gutentor-accordion-wrapper accordion-template1\"><div class=\"grid-container gutentor-rm-ct-space\"><div class=\"gutentor-block-header\"><div class=\"gutentor-section-title text-left\"><h4 class=\"gutentor-title\">Perguntas frequentes<\/h4><\/div><\/div><div class=\"grid-row gutentor-grid-item-wrap gutentor-rm-row-space\"><div class=\"grid-md-12 gutentor-rm-col-space\"><div class=\"gutentor-accordion-wrap\"><div class=\"gutentor-single-item gutentor-single-item-0\"><div class=\"gutentor-single-item-wrap\"><div class=\"gutentor-accordion-heading\"><i class=\"gutentor-accordion-icon open-icon fas fa-chevron-circle-down\"><\/i><i class=\"gutentor-accordion-icon close-icon fas fa-chevron-circle-up\"><\/i><h4 class=\"gutentor-single-item-title\">Quando posso entregar m\u00f3veis ou outras pe\u00e7as para expurgo?<\/h4><\/div><div class=\"gutentor-accordion-body\"><p class=\"gutentor-single-item-desc\">Pode fazer a entrega das pe\u00e7as ou m\u00f3veis no seguinte hor\u00e1rio:<br><br>Segunda-feira a quinta-feira: 9h00-12h30 e das 14h00 \u00e0s 18h00.<br><br>Sexta-feira:  8h30-13h00 e das 14h00 \u00e0s 16h00.<\/p><\/div><\/div><\/div><\/div><div class=\"gutentor-accordion-wrap\"><div class=\"gutentor-single-item gutentor-single-item-1\"><div class=\"gutentor-single-item-wrap\"><div class=\"gutentor-accordion-heading\"><i class=\"gutentor-accordion-icon open-icon fas fa-chevron-circle-down\"><\/i><i class=\"gutentor-accordion-icon close-icon fas fa-chevron-circle-up\"><\/i><h4 class=\"gutentor-single-item-title\">\u00c9 necess\u00e1rio fazer marca\u00e7\u00e3o?<\/h4><\/div><div class=\"gutentor-accordion-body\"><p class=\"gutentor-single-item-desc\"> N\u00e3o \u00e9 necess\u00e1rio efetuar marca\u00e7\u00e3o.<\/p><\/div><\/div><\/div><\/div><div class=\"gutentor-accordion-wrap\"><div class=\"gutentor-single-item gutentor-single-item-2\"><div class=\"gutentor-single-item-wrap\"><div class=\"gutentor-accordion-heading\"><i class=\"gutentor-accordion-icon open-icon fas fa-chevron-circle-down\"><\/i><i class=\"gutentor-accordion-icon close-icon fas fa-chevron-circle-up\"><\/i><h4 class=\"gutentor-single-item-title\">Quando posso recolher os m\u00f3veis ou outras pe\u00e7as?<\/h4><\/div><div class=\"gutentor-accordion-body\"><p class=\"gutentor-single-item-desc\">Pode proceder ao levantamento das pe\u00e7as, a partir das 9h00 da quarta-feira da semana seguinte \u00e0 entrega.<\/p><\/div><\/div><\/div><\/div><div class=\"gutentor-accordion-wrap\"><div class=\"gutentor-single-item gutentor-single-item-3\"><div class=\"gutentor-single-item-wrap\"><div class=\"gutentor-accordion-heading\"><i class=\"gutentor-accordion-icon open-icon fas fa-chevron-circle-down\"><\/i><i class=\"gutentor-accordion-icon close-icon fas fa-chevron-circle-up\"><\/i><h4 class=\"gutentor-single-item-title\">Quanto tempo tenho, para proceder \u00e0 recolha?<\/h4><\/div><div class=\"gutentor-accordion-body\"><p class=\"gutentor-single-item-desc\">Ap\u00f3s \u00e0 conclus\u00e3o do tratamento ( quarta-feira da semana seguinte \u00e1 entrega), tem 6 dias para proceder ao levantamento sem custos adicionais de armazenagem. Findo esse prazo, ser\u00e1 cobrado uma taxa di\u00e1ria de armazenagem.<\/p><\/div><\/div><\/div><\/div><\/div><\/div><\/div><\/div>\n<\/div>\n<\/div><\/div><\/section>\n\n\n\n<section id=\"section-g-f1mq3qu\" class=\"wp-block-gutentor-advanced-columns gutentor-section gutentor-advanced-columns has-image-bg has-custom-bg has-gutentor-overlay\"><div class=\"grid-container\"><div class=\"grid-row\">\n<section id=\"section-g-0d0tloo\" class=\"wp-block-gutentor-single-column gutentor-single-column  grid-lg-12 grid-md-12 grid-12\">\n<section id=\"section-g-9h3xfo9\" class=\"wp-block-gutentor-about-block gutentor-section gutentor-about about-template4\"><div class=\"grid-container\"><div class=\"gutentor-grid-item-wrap\"><div class=\"gutentor-single-item\"><div class=\"grid-row\"><div class=\"grid-md-6 about-grid\"><div class=\"gutentor-single-item-content\"><div class=\"gutentor-about-content\"><h3 class=\"gutentor-single-item-title\">Por an\u00f3xia ( atmosfera controlada)<\/h3><p class=\"gutentor-single-item-desc\"> Consiste em remover o oxig\u00e9nio dentro de uma bolha hermeticamente fechada, na qual o oxig\u00e9nio \u00e9 completamente eliminado, o que provoca a morte das pragas por asfixia e desidrata\u00e7\u00e3o. \u00c9 um tratamento seguro, ecol\u00f3gico n\u00e3o t\u00f3xico, inerte e totalmente eficaz, eliminando as pragas em qualquer um dos est\u00e1gios evolutivos ( ovo, pupa e larva).<\/p><\/div><\/div><\/div><div class=\"grid-md-6 about-grid\"><div class=\"gutentor-single-item-image-box\"><div class=\"gutentor-image-thumb\"><img decoding=\"async\" class=\"normal-image\" src=\"https:\/\/gaspurgo.com.pt\/wp-content\/uploads\/2026\/02\/Post-de-Instagram-com-Cafe-Minimalista-Copy.jpeg\" alt=\"\" height=\"1853\" width=\"1805\"\/><\/div><\/div><\/div><\/div><\/div><\/div><\/div><\/section>\n\n\n\n<section id=\"section-g-j992823\" class=\"wp-block-gutentor-content-box gutentor-section gutentor-content-box-wrapper content-template1\"><div class=\"grid-container\"><div class=\"grid-row gutentor-grid-item-wrap\"><div class=\"gutentor-grid-column grid-lg-6 grid-md-6 grid-12\"><div class=\"gutentor-single-item gutentor-single-item-0\"><div class=\"gutentor-single-item-wrap\"><div class=\"gutentor-single-item-content\"><h3 class=\"gutentor-single-item-title\">Dura\u00e7\u00e3o dos tratamentos <\/h3><p class=\"gutentor-single-item-desc\">Dependendo da temperatura e humidade, os tratamentos por an\u00f3xia t\u00eam uma dura\u00e7\u00e3o que oscila entre os 25 e 30 dias.<\/p><\/div><\/div><\/div><\/div><div class=\"gutentor-grid-column grid-lg-6 grid-md-6 grid-12\"><div class=\"gutentor-single-item gutentor-single-item-1\"><div class=\"gutentor-single-item-wrap\"><div class=\"gutentor-single-item-content\"><h3 class=\"gutentor-single-item-title\">Vantagens<\/h3><p class=\"gutentor-single-item-desc\">Tratamentos eficientes e sem qualquer produto qu\u00edmico. Eliminam os insetos em todas as fases de vida, incluindo ovos. Podem ser efetuados em qualquer ambiente fechado, como apartamentos, moradias e armaz\u00e9ns, sem qualquer restri\u00e7\u00e3o para pessoas ou animais. <br><\/p><\/div><\/div><\/div><\/div><\/div><\/div><\/section>\n<\/section>\n<\/div><\/div><\/section>\n\n\n\n<section id=\"section-g-wrgww1s\" class=\"wp-block-gutentor-advanced-columns gutentor-section gutentor-advanced-columns has-color-bg has-custom-bg has-gutentor-overlay\"><div class=\"grid-container\"><div class=\"grid-row\">\n<section id=\"section-g-aqmb4m9\" class=\"wp-block-gutentor-single-column gutentor-single-column  grid-lg-12 grid-md-12 grid-12\">\n<section id=\"section-g-004ufbf\" class=\"wp-block-gutentor-about-block gutentor-section gutentor-about about-template4\"><div class=\"grid-container\"><div class=\"gutentor-grid-item-wrap\"><div class=\"gutentor-single-item\"><div class=\"grid-row\"><div class=\"grid-md-6 about-grid\"><div class=\"gutentor-single-item-content\"><div class=\"gutentor-about-content\"><h3 class=\"gutentor-single-item-title\">Tratamentos t\u00e9rmicos <\/h3><p class=\"gutentor-single-item-desc\">A desinfesta\u00e7\u00e3o t\u00e9rmica consiste na utiliza\u00e7\u00e3o de  aquecedores espec\u00edficos para o efeito, que distribuem um grande caudal de ar quente, de modo a atingir os 55\u00baC nas superf\u00edcies mais frias dos objetos por um per\u00edodo de 60 minutos, provocando a morte aos insetos por desidrata\u00e7\u00e3o. A monotoriza\u00e7\u00e3o da temperatura \u00e9 efetuada pela coloca\u00e7\u00e3o de v\u00e1rios sensores t\u00e9rmicos.<\/p><\/div><\/div><\/div><div class=\"grid-md-6 about-grid\"><div class=\"gutentor-single-item-image-box\"><div class=\"gutentor-image-thumb\"><img decoding=\"async\" class=\"normal-image\" src=\"https:\/\/gaspurgo.com.pt\/wp-content\/uploads\/2026\/03\/Post-de-Instagram-com-Cafe-Minimalista-1.jpeg\" alt=\"\" height=\"1713\" width=\"1701\"\/><\/div><\/div><\/div><\/div><\/div><\/div><\/div><\/section>\n\n\n\n<section id=\"section-g-18hecod\" class=\"wp-block-gutentor-content-box gutentor-section gutentor-content-box-wrapper content-template1\"><div class=\"grid-container\"><div class=\"grid-row gutentor-grid-item-wrap\"><div class=\"gutentor-grid-column grid-lg-6 grid-md-6 grid-12\"><div class=\"gutentor-single-item gutentor-single-item-0\"><div class=\"gutentor-single-item-wrap\"><div class=\"gutentor-single-item-content\"><h3 class=\"gutentor-single-item-title\">Dura\u00e7\u00e3o dos tratamentos<\/h3><p class=\"gutentor-single-item-desc\">Tendo em conta a temperatura e a humidade, a dura\u00e7\u00e3o dos tratamentos t\u00e9rmicos depende do tamanho do espa\u00e7o a tratar. Qualquer tratamento t\u00e9rmico, nunca tem uma dura\u00e7\u00e3o inferior a 2 horas. <\/p><\/div><\/div><\/div><\/div><div class=\"gutentor-grid-column grid-lg-6 grid-md-6 grid-12\"><div class=\"gutentor-single-item gutentor-single-item-1\"><div class=\"gutentor-single-item-wrap\"><div class=\"gutentor-single-item-content\"><h3 class=\"gutentor-single-item-title\">Vantagens<\/h3><p class=\"gutentor-single-item-desc\"><sup data-fn=\"b8df3e5c-f185-424b-bb08-eafae23a3904\" class=\"fn\"><a href=\"#b8df3e5c-f185-424b-bb08-eafae23a3904\" id=\"b8df3e5c-f185-424b-bb08-eafae23a3904-link\">1<\/a><\/sup>Elimina os insetos em todas as fases de vida.<br>N\u00e3o danifica nem deforma as madeiras.<\/p><\/div><\/div><\/div><\/div><\/div><\/div><\/section>\n<\/section>\n<\/div><\/div><\/section>\n\n\n\n<p><\/p>\n","protected":false},"excerpt":{"rendered":"","protected":false},"author":1,"featured_media":0,"parent":0,"menu_order":0,"comment_status":"closed","ping_status":"closed","template":"template-gutentor-full-width.php","meta":{"postBodyCss":"","postBodyMargin":[],"postBodyPadding":[],"postBodyBackground":{"backgroundType":"classic","gradient":""},"footnotes":"[{\"id\":\"b8df3e5c-f185-424b-bb08-eafae23a3904\",\"content\":\"\"}]"},"class_list":["post-3659","page","type-page","status-publish","hentry"],"yoast_head":"<!-- This site is optimized with the Yoast SEO plugin v27.2 - https:\/\/yoast.com\/product\/yoast-seo-wordpress\/ -->\n<title>Expurgos -<\/title>\n<meta name=\"robots\" content=\"index, follow, max-snippet:-1, max-image-preview:large, max-video-preview:-1\" \/>\n<link rel=\"canonical\" href=\"https:\/\/gaspurgo.com.pt\/index.php\/expurgos\/\" \/>\n<meta property=\"og:locale\" content=\"pt_BR\" \/>\n<meta property=\"og:type\" content=\"article\" \/>\n<meta property=\"og:title\" content=\"Expurgos -\" \/>\n<meta property=\"og:url\" content=\"https:\/\/gaspurgo.com.pt\/index.php\/expurgos\/\" \/>\n<meta property=\"article:modified_time\" content=\"2026-03-04T21:53:42+00:00\" \/>\n<meta property=\"og:image\" content=\"https:\/\/gaspurgo.com.pt\/wp-content\/uploads\/2025\/01\/tratamientos-carcoma-madera1-e1767902360639.jpg\" \/>\n<meta name=\"twitter:card\" content=\"summary_large_image\" \/>\n<meta name=\"twitter:label1\" content=\"Est. tempo de leitura\" \/>\n\t<meta name=\"twitter:data1\" content=\"4 minutos\" \/>\n<script type=\"application\/ld+json\" class=\"yoast-schema-graph\">{\"@context\":\"https:\/\/schema.org\",\"@graph\":[{\"@type\":\"WebPage\",\"@id\":\"https:\/\/gaspurgo.com.pt\/index.php\/expurgos\/\",\"url\":\"https:\/\/gaspurgo.com.pt\/index.php\/expurgos\/\",\"name\":\"Expurgos -\",\"isPartOf\":{\"@id\":\"https:\/\/gaspurgo.com.pt\/#website\"},\"primaryImageOfPage\":{\"@id\":\"https:\/\/gaspurgo.com.pt\/index.php\/expurgos\/#primaryimage\"},\"image\":{\"@id\":\"https:\/\/gaspurgo.com.pt\/index.php\/expurgos\/#primaryimage\"},\"thumbnailUrl\":\"https:\/\/gaspurgo.com.pt\/wp-content\/uploads\/2025\/01\/tratamientos-carcoma-madera1-e1767902360639.jpg\",\"datePublished\":\"2026-02-24T16:09:27+00:00\",\"dateModified\":\"2026-03-04T21:53:42+00:00\",\"breadcrumb\":{\"@id\":\"https:\/\/gaspurgo.com.pt\/index.php\/expurgos\/#breadcrumb\"},\"inLanguage\":\"pt-BR\",\"potentialAction\":[{\"@type\":\"ReadAction\",\"target\":[\"https:\/\/gaspurgo.com.pt\/index.php\/expurgos\/\"]}]},{\"@type\":\"ImageObject\",\"inLanguage\":\"pt-BR\",\"@id\":\"https:\/\/gaspurgo.com.pt\/index.php\/expurgos\/#primaryimage\",\"url\":\"https:\/\/gaspurgo.com.pt\/wp-content\/uploads\/2025\/01\/tratamientos-carcoma-madera1-e1767902360639.jpg\",\"contentUrl\":\"https:\/\/gaspurgo.com.pt\/wp-content\/uploads\/2025\/01\/tratamientos-carcoma-madera1-e1767902360639.jpg\",\"width\":490,\"height\":474},{\"@type\":\"BreadcrumbList\",\"@id\":\"https:\/\/gaspurgo.com.pt\/index.php\/expurgos\/#breadcrumb\",\"itemListElement\":[{\"@type\":\"ListItem\",\"position\":1,\"name\":\"In\u00edcio\",\"item\":\"https:\/\/gaspurgo.com.pt\/\"},{\"@type\":\"ListItem\",\"position\":2,\"name\":\"Expurgos\"}]},{\"@type\":\"WebSite\",\"@id\":\"https:\/\/gaspurgo.com.pt\/#website\",\"url\":\"https:\/\/gaspurgo.com.pt\/\",\"name\":\"\",\"description\":\"\",\"potentialAction\":[{\"@type\":\"SearchAction\",\"target\":{\"@type\":\"EntryPoint\",\"urlTemplate\":\"https:\/\/gaspurgo.com.pt\/?s={search_term_string}\"},\"query-input\":{\"@type\":\"PropertyValueSpecification\",\"valueRequired\":true,\"valueName\":\"search_term_string\"}}],\"inLanguage\":\"pt-BR\"}]}<\/script>\n<!-- \/ Yoast SEO plugin. -->","yoast_head_json":{"title":"Expurgos -","robots":{"index":"index","follow":"follow","max-snippet":"max-snippet:-1","max-image-preview":"max-image-preview:large","max-video-preview":"max-video-preview:-1"},"canonical":"https:\/\/gaspurgo.com.pt\/index.php\/expurgos\/","og_locale":"pt_BR","og_type":"article","og_title":"Expurgos -","og_url":"https:\/\/gaspurgo.com.pt\/index.php\/expurgos\/","article_modified_time":"2026-03-04T21:53:42+00:00","og_image":[{"url":"https:\/\/gaspurgo.com.pt\/wp-content\/uploads\/2025\/01\/tratamientos-carcoma-madera1-e1767902360639.jpg","type":"","width":"","height":""}],"twitter_card":"summary_large_image","twitter_misc":{"Est. tempo de leitura":"4 minutos"},"schema":{"@context":"https:\/\/schema.org","@graph":[{"@type":"WebPage","@id":"https:\/\/gaspurgo.com.pt\/index.php\/expurgos\/","url":"https:\/\/gaspurgo.com.pt\/index.php\/expurgos\/","name":"Expurgos -","isPartOf":{"@id":"https:\/\/gaspurgo.com.pt\/#website"},"primaryImageOfPage":{"@id":"https:\/\/gaspurgo.com.pt\/index.php\/expurgos\/#primaryimage"},"image":{"@id":"https:\/\/gaspurgo.com.pt\/index.php\/expurgos\/#primaryimage"},"thumbnailUrl":"https:\/\/gaspurgo.com.pt\/wp-content\/uploads\/2025\/01\/tratamientos-carcoma-madera1-e1767902360639.jpg","datePublished":"2026-02-24T16:09:27+00:00","dateModified":"2026-03-04T21:53:42+00:00","breadcrumb":{"@id":"https:\/\/gaspurgo.com.pt\/index.php\/expurgos\/#breadcrumb"},"inLanguage":"pt-BR","potentialAction":[{"@type":"ReadAction","target":["https:\/\/gaspurgo.com.pt\/index.php\/expurgos\/"]}]},{"@type":"ImageObject","inLanguage":"pt-BR","@id":"https:\/\/gaspurgo.com.pt\/index.php\/expurgos\/#primaryimage","url":"https:\/\/gaspurgo.com.pt\/wp-content\/uploads\/2025\/01\/tratamientos-carcoma-madera1-e1767902360639.jpg","contentUrl":"https:\/\/gaspurgo.com.pt\/wp-content\/uploads\/2025\/01\/tratamientos-carcoma-madera1-e1767902360639.jpg","width":490,"height":474},{"@type":"BreadcrumbList","@id":"https:\/\/gaspurgo.com.pt\/index.php\/expurgos\/#breadcrumb","itemListElement":[{"@type":"ListItem","position":1,"name":"In\u00edcio","item":"https:\/\/gaspurgo.com.pt\/"},{"@type":"ListItem","position":2,"name":"Expurgos"}]},{"@type":"WebSite","@id":"https:\/\/gaspurgo.com.pt\/#website","url":"https:\/\/gaspurgo.com.pt\/","name":"","description":"","potentialAction":[{"@type":"SearchAction","target":{"@type":"EntryPoint","urlTemplate":"https:\/\/gaspurgo.com.pt\/?s={search_term_string}"},"query-input":{"@type":"PropertyValueSpecification","valueRequired":true,"valueName":"search_term_string"}}],"inLanguage":"pt-BR"}]}},"_links":{"self":[{"href":"https:\/\/gaspurgo.com.pt\/index.php\/wp-json\/wp\/v2\/pages\/3659","targetHints":{"allow":["GET"]}}],"collection":[{"href":"https:\/\/gaspurgo.com.pt\/index.php\/wp-json\/wp\/v2\/pages"}],"about":[{"href":"https:\/\/gaspurgo.com.pt\/index.php\/wp-json\/wp\/v2\/types\/page"}],"author":[{"embeddable":true,"href":"https:\/\/gaspurgo.com.pt\/index.php\/wp-json\/wp\/v2\/users\/1"}],"replies":[{"embeddable":true,"href":"https:\/\/gaspurgo.com.pt\/index.php\/wp-json\/wp\/v2\/comments?post=3659"}],"version-history":[{"count":74,"href":"https:\/\/gaspurgo.com.pt\/index.php\/wp-json\/wp\/v2\/pages\/3659\/revisions"}],"predecessor-version":[{"id":3787,"href":"https:\/\/gaspurgo.com.pt\/index.php\/wp-json\/wp\/v2\/pages\/3659\/revisions\/3787"}],"wp:attachment":[{"href":"https:\/\/gaspurgo.com.pt\/index.php\/wp-json\/wp\/v2\/media?parent=3659"}],"curies":[{"name":"wp","href":"https:\/\/api.w.org\/{rel}","templated":true}]}}