{"id":1937,"date":"2024-09-16T11:05:53","date_gmt":"2024-09-16T11:05:53","guid":{"rendered":"https:\/\/gaspurgo.com.pt\/?page_id=1937"},"modified":"2026-02-05T21:49:19","modified_gmt":"2026-02-05T21:49:19","slug":"perguntas-frequentes","status":"publish","type":"page","link":"https:\/\/gaspurgo.com.pt\/index.php\/perguntas-frequentes\/","title":{"rendered":"Perguntas frequentes"},"content":{"rendered":"\n<section id=\"gm5474f00\" class=\"wp-block-gutentor-m4 alignfull section-gm5474f00 gutentor-module gutentor-advanced-columns has-color-bg has-custom-bg gutentor-equal-column-height\"><div class=\"grid-container gutentor-rm-ct-space-d\"><div class=\"grid-row gutentor-rm-row-space-d\">\n<div id=\"col-gm77e87e\" class=\"wp-block-gutentor-m4-col col-gm77e87e gutentor-single-column  grid-lg-6 grid-md-12 grid-12 gutentor-rm-col-space-d\"><div id=\"section-gm77e87e\" class=\"section-gm77e87e gutentor-col-wrap\">\n<div id=\"section-gf2e244\" class=\"wp-block-gutentor-e6 section-gf2e244 gutentor-element gutentor-element-image\"><div class=\"gutentor-element-image-box\"><div class=\"gutentor-bg-image\"><\/div><\/div><\/div>\n\n\n\n<p><\/p>\n<\/div><\/div>\n\n\n\n<div id=\"col-gma16606\" class=\"wp-block-gutentor-m4-col col-gma16606 gutentor-single-column  grid-lg-6 grid-md-12 grid-12 gutentor-rm-col-space-d\"><div id=\"section-gma16606\" class=\"section-gma16606 gutentor-col-wrap\">\n<div id=\"section-g115521\" class=\"wp-block-gutentor-e1 section-g115521 gutentor-element gutentor-element-advanced-text adv-text-c-desktop\"><div class=\"gutentor-text-wrap\"><h2 class=\"gutentor-text\">Perguntas frequentes<\/h2><\/div><\/div>\n\n\n\n<section id=\"264e9a\" class=\"section-264e9a gutentor-module gutentor-module-accordion gutentor-module-accordion-enable-toggle\"><div class=\"grid-container\">\n<div id=\"3707d9\" class=\"wp-block-gutentor-m6-item section-3707d9 gutentor-module gutentor-module-accordion-item\"><div class=\"gutentor-module-accordion-panel g-a-panel-264e9a\"><div tabindex=\"0\" class=\"gm-ah-264e9a gutentor-module-accordion-item-heading gutentor-module-icon-position-left\"><span class=\"gutentor-module-accordion-panel-handler\" role=\"button\"><span class=\"gutentor-module-accordion-icon\"><i class=\"gm-aio-264e9a gutentor-module-accordion-icon-open fas fa-angle-down\"><\/i><i class=\"gm-aic-264e9a gutentor-module-accordion-icon-close fas fa-angle-up\"><\/i><\/span><span class=\"gutentor-module-accordion-panel-handler-label\">Quando posso entregar os m\u00f3veis, ou outras pe\u00e7as para expurgo?<\/span><\/span><\/div><div class=\"gm-ab-264e9a gutentor-module-accordion-body\">\n<div id=\"section-gd618ae\" class=\"wp-block-gutentor-e0 section-gd618ae gutentor-element gutentor-element-advanced-text\"><div class=\"gutentor-text-wrap\"><p class=\"gutentor-text\"> Pode efetuar a entrega dos m\u00f3veis ou outras pe\u00e7as para expurgo, de segunda a sexta-feira dentro do hor\u00e1rio de funcionamento e sem aviso pr\u00e9vio. <br>Hor\u00e1rio : segunda a quinta-de-feira:  9h00-12h30 e das 14h00-18h00.<br>sexta- feira: 8h30-13h00 e das 14h00-17h00.<\/p><\/div><\/div>\n<\/div><\/div><\/div>\n\n\n\n<div id=\"6ddcb3\" class=\"wp-block-gutentor-m6-item section-6ddcb3 gutentor-module gutentor-module-accordion-item\"><div class=\"gutentor-module-accordion-panel g-a-panel-264e9a\"><div tabindex=\"0\" class=\"gm-ah-264e9a gutentor-module-accordion-item-heading gutentor-module-icon-position-left\"><span class=\"gutentor-module-accordion-panel-handler\" role=\"button\"><span class=\"gutentor-module-accordion-icon\"><i class=\"gm-aio-264e9a gutentor-module-accordion-icon-open fas fa-angle-down\"><\/i><i class=\"gm-aic-264e9a gutentor-module-accordion-icon-close fas fa-angle-up\"><\/i><\/span><span class=\"gutentor-module-accordion-panel-handler-label\">\u00c9 necess\u00e1rio efetuar marca\u00e7\u00e3o para fazer entrega de m\u00f3veis ou outras pe\u00e7as?<\/span><\/span><\/div><div class=\"gm-ab-264e9a gutentor-module-accordion-body\">\n<div id=\"section-g25afe5\" class=\"wp-block-gutentor-e0 section-g25afe5 gutentor-element gutentor-element-advanced-text\"><div class=\"gutentor-text-wrap\"><p class=\"gutentor-text\">N\u00e3o \u00e9 necess\u00e1rio fazer marca\u00e7\u00e3o.<\/p><\/div><\/div>\n<\/div><\/div><\/div>\n\n\n\n<div id=\"6d1866\" class=\"wp-block-gutentor-m6-item section-6d1866 gutentor-module gutentor-module-accordion-item\"><div class=\"gutentor-module-accordion-panel g-a-panel-264e9a\"><div tabindex=\"0\" class=\"gm-ah-264e9a gutentor-module-accordion-item-heading gutentor-module-icon-position-left\"><span class=\"gutentor-module-accordion-panel-handler\" role=\"button\"><span class=\"gutentor-module-accordion-icon\"><i class=\"gm-aio-264e9a gutentor-module-accordion-icon-open fas fa-angle-down\"><\/i><i class=\"gm-aic-264e9a gutentor-module-accordion-icon-close fas fa-angle-up\"><\/i><\/span><span class=\"gutentor-module-accordion-panel-handler-label\">Quando posso efetuar a recolha dos m\u00f3veis ou outras pe\u00e7as?<\/span><\/span><\/div><div class=\"gm-ab-264e9a gutentor-module-accordion-body\">\n<div id=\"section-ga81b51\" class=\"wp-block-gutentor-e0 section-ga81b51 gutentor-element gutentor-element-advanced-text\"><div class=\"gutentor-text-wrap\"><p class=\"gutentor-text\">Pode proceder \u00e0 recolha dos m\u00f3veis\/pe\u00e7as, na quarta-feira da semana seguinte \u00e0 entrega.<\/p><\/div><\/div>\n<\/div><\/div><\/div>\n\n\n\n<div id=\"c00fa2\" class=\"wp-block-gutentor-m6-item section-c00fa2 gutentor-module gutentor-module-accordion-item\"><div class=\"gutentor-module-accordion-panel g-a-panel-264e9a\"><div tabindex=\"0\" class=\"gm-ah-264e9a gutentor-module-accordion-item-heading gutentor-module-icon-position-left\"><span class=\"gutentor-module-accordion-panel-handler\" role=\"button\"><span class=\"gutentor-module-accordion-icon\"><i class=\"gm-aio-264e9a gutentor-module-accordion-icon-open fas fa-angle-down\"><\/i><i class=\"gm-aic-264e9a gutentor-module-accordion-icon-close fas fa-angle-up\"><\/i><\/span><span class=\"gutentor-module-accordion-panel-handler-label\">Como \u00e9 efetuado o tratamento e quanto tempo demora?<\/span><\/span><\/div><div class=\"gm-ab-264e9a gutentor-module-accordion-body\">\n<div id=\"section-g5f9173\" class=\"wp-block-gutentor-e0 section-g5f9173 gutentor-element gutentor-element-advanced-text\"><div class=\"gutentor-text-wrap\"><p class=\"gutentor-text\">Os tratamentos [expurgo) de madeiras s\u00e3o efetuados em c\u00e2maras de g\u00e1s e t\u00eam uma dura\u00e7\u00e3o de  96h. O inicio do tratamento ocorre toda as sextas-feiras pelas 16h e termina na ter\u00e7a-feira seguinte, pelas 16h<\/p><\/div><\/div>\n<\/div><\/div><\/div>\n\n\n\n<div id=\"g-k5155sk\" class=\"wp-block-gutentor-m6-item section-g-k5155sk gutentor-module gutentor-module-accordion-item\"><div class=\"gutentor-module-accordion-panel g-a-panel-264e9a\"><div tabindex=\"0\" class=\"gm-ah-264e9a gutentor-module-accordion-item-heading gutentor-module-icon-position-left\"><span class=\"gutentor-module-accordion-panel-handler\" role=\"button\"><span class=\"gutentor-module-accordion-icon\"><i class=\"gm-aio-264e9a gutentor-module-accordion-icon-open fas fa-angle-down\"><\/i><i class=\"gm-aic-264e9a gutentor-module-accordion-icon-close fas fa-angle-up\"><\/i><\/span><span class=\"gutentor-module-accordion-panel-handler-label\">Tenho que proceder ao levantamento dos m\u00f3veis na quarta-feira? E quanto tempo posso deixar os m\u00f3veis?<\/span><\/span><\/div><div class=\"gm-ab-264e9a gutentor-module-accordion-body\">\n<div id=\"section-g-yru8b8o\" class=\"wp-block-gutentor-e0 section-g-yru8b8o gutentor-element gutentor-element-advanced-text\"><div class=\"gutentor-text-wrap\"><p class=\"gutentor-text\">Ap\u00f3s a conclus\u00e3o do tratamento e respetiva  sa\u00edda dos m\u00f3veis da c\u00e2mara (quarta-feira), tem 7(sete) dias  para proceder ao levantamento sem custos adicionais. <\/p><\/div><\/div>\n<\/div><\/div><\/div>\n<\/div><\/section>\n\n\n\n<p><\/p>\n<\/div><\/div>\n<\/div><\/div><\/section>\n","protected":false},"excerpt":{"rendered":"","protected":false},"author":1,"featured_media":0,"parent":0,"menu_order":0,"comment_status":"closed","ping_status":"closed","template":"template-parts\/template-page-full-width.php","meta":{"postBodyCss":"","postBodyMargin":[],"postBodyPadding":[],"postBodyBackground":{"backgroundType":"classic","gradient":""},"footnotes":""},"class_list":["post-1937","page","type-page","status-publish","hentry"],"yoast_head":"<!-- This site is optimized with the Yoast SEO plugin v27.2 - https:\/\/yoast.com\/product\/yoast-seo-wordpress\/ -->\n<title>Perguntas frequentes -<\/title>\n<meta name=\"robots\" content=\"index, follow, max-snippet:-1, max-image-preview:large, max-video-preview:-1\" \/>\n<link rel=\"canonical\" href=\"https:\/\/gaspurgo.com.pt\/index.php\/perguntas-frequentes\/\" \/>\n<meta property=\"og:locale\" content=\"pt_BR\" \/>\n<meta property=\"og:type\" content=\"article\" \/>\n<meta property=\"og:title\" content=\"Perguntas frequentes -\" \/>\n<meta property=\"og:url\" content=\"https:\/\/gaspurgo.com.pt\/index.php\/perguntas-frequentes\/\" \/>\n<meta property=\"article:modified_time\" content=\"2026-02-05T21:49:19+00:00\" \/>\n<meta name=\"twitter:card\" content=\"summary_large_image\" \/>\n<meta name=\"twitter:label1\" content=\"Est. tempo de leitura\" \/>\n\t<meta name=\"twitter:data1\" content=\"1 minuto\" \/>\n<script type=\"application\/ld+json\" class=\"yoast-schema-graph\">{\"@context\":\"https:\/\/schema.org\",\"@graph\":[{\"@type\":\"WebPage\",\"@id\":\"https:\/\/gaspurgo.com.pt\/index.php\/perguntas-frequentes\/\",\"url\":\"https:\/\/gaspurgo.com.pt\/index.php\/perguntas-frequentes\/\",\"name\":\"Perguntas frequentes -\",\"isPartOf\":{\"@id\":\"https:\/\/gaspurgo.com.pt\/#website\"},\"datePublished\":\"2024-09-16T11:05:53+00:00\",\"dateModified\":\"2026-02-05T21:49:19+00:00\",\"breadcrumb\":{\"@id\":\"https:\/\/gaspurgo.com.pt\/index.php\/perguntas-frequentes\/#breadcrumb\"},\"inLanguage\":\"pt-BR\",\"potentialAction\":[{\"@type\":\"ReadAction\",\"target\":[\"https:\/\/gaspurgo.com.pt\/index.php\/perguntas-frequentes\/\"]}]},{\"@type\":\"BreadcrumbList\",\"@id\":\"https:\/\/gaspurgo.com.pt\/index.php\/perguntas-frequentes\/#breadcrumb\",\"itemListElement\":[{\"@type\":\"ListItem\",\"position\":1,\"name\":\"In\u00edcio\",\"item\":\"https:\/\/gaspurgo.com.pt\/\"},{\"@type\":\"ListItem\",\"position\":2,\"name\":\"Perguntas frequentes\"}]},{\"@type\":\"WebSite\",\"@id\":\"https:\/\/gaspurgo.com.pt\/#website\",\"url\":\"https:\/\/gaspurgo.com.pt\/\",\"name\":\"\",\"description\":\"\",\"potentialAction\":[{\"@type\":\"SearchAction\",\"target\":{\"@type\":\"EntryPoint\",\"urlTemplate\":\"https:\/\/gaspurgo.com.pt\/?s={search_term_string}\"},\"query-input\":{\"@type\":\"PropertyValueSpecification\",\"valueRequired\":true,\"valueName\":\"search_term_string\"}}],\"inLanguage\":\"pt-BR\"}]}<\/script>\n<!-- \/ Yoast SEO plugin. -->","yoast_head_json":{"title":"Perguntas frequentes -","robots":{"index":"index","follow":"follow","max-snippet":"max-snippet:-1","max-image-preview":"max-image-preview:large","max-video-preview":"max-video-preview:-1"},"canonical":"https:\/\/gaspurgo.com.pt\/index.php\/perguntas-frequentes\/","og_locale":"pt_BR","og_type":"article","og_title":"Perguntas frequentes -","og_url":"https:\/\/gaspurgo.com.pt\/index.php\/perguntas-frequentes\/","article_modified_time":"2026-02-05T21:49:19+00:00","twitter_card":"summary_large_image","twitter_misc":{"Est. tempo de leitura":"1 minuto"},"schema":{"@context":"https:\/\/schema.org","@graph":[{"@type":"WebPage","@id":"https:\/\/gaspurgo.com.pt\/index.php\/perguntas-frequentes\/","url":"https:\/\/gaspurgo.com.pt\/index.php\/perguntas-frequentes\/","name":"Perguntas frequentes -","isPartOf":{"@id":"https:\/\/gaspurgo.com.pt\/#website"},"datePublished":"2024-09-16T11:05:53+00:00","dateModified":"2026-02-05T21:49:19+00:00","breadcrumb":{"@id":"https:\/\/gaspurgo.com.pt\/index.php\/perguntas-frequentes\/#breadcrumb"},"inLanguage":"pt-BR","potentialAction":[{"@type":"ReadAction","target":["https:\/\/gaspurgo.com.pt\/index.php\/perguntas-frequentes\/"]}]},{"@type":"BreadcrumbList","@id":"https:\/\/gaspurgo.com.pt\/index.php\/perguntas-frequentes\/#breadcrumb","itemListElement":[{"@type":"ListItem","position":1,"name":"In\u00edcio","item":"https:\/\/gaspurgo.com.pt\/"},{"@type":"ListItem","position":2,"name":"Perguntas frequentes"}]},{"@type":"WebSite","@id":"https:\/\/gaspurgo.com.pt\/#website","url":"https:\/\/gaspurgo.com.pt\/","name":"","description":"","potentialAction":[{"@type":"SearchAction","target":{"@type":"EntryPoint","urlTemplate":"https:\/\/gaspurgo.com.pt\/?s={search_term_string}"},"query-input":{"@type":"PropertyValueSpecification","valueRequired":true,"valueName":"search_term_string"}}],"inLanguage":"pt-BR"}]}},"_links":{"self":[{"href":"https:\/\/gaspurgo.com.pt\/index.php\/wp-json\/wp\/v2\/pages\/1937","targetHints":{"allow":["GET"]}}],"collection":[{"href":"https:\/\/gaspurgo.com.pt\/index.php\/wp-json\/wp\/v2\/pages"}],"about":[{"href":"https:\/\/gaspurgo.com.pt\/index.php\/wp-json\/wp\/v2\/types\/page"}],"author":[{"embeddable":true,"href":"https:\/\/gaspurgo.com.pt\/index.php\/wp-json\/wp\/v2\/users\/1"}],"replies":[{"embeddable":true,"href":"https:\/\/gaspurgo.com.pt\/index.php\/wp-json\/wp\/v2\/comments?post=1937"}],"version-history":[{"count":30,"href":"https:\/\/gaspurgo.com.pt\/index.php\/wp-json\/wp\/v2\/pages\/1937\/revisions"}],"predecessor-version":[{"id":3654,"href":"https:\/\/gaspurgo.com.pt\/index.php\/wp-json\/wp\/v2\/pages\/1937\/revisions\/3654"}],"wp:attachment":[{"href":"https:\/\/gaspurgo.com.pt\/index.php\/wp-json\/wp\/v2\/media?parent=1937"}],"curies":[{"name":"wp","href":"https:\/\/api.w.org\/{rel}","templated":true}]}}